{"id":6,"date":"2024-04-23T23:43:45","date_gmt":"2024-04-23T21:43:45","guid":{"rendered":"https:\/\/forum1.mp3-coach.com\/?page_id=6"},"modified":"2024-04-23T23:43:45","modified_gmt":"2024-04-23T21:43:45","slug":"accueil","status":"publish","type":"page","link":"https:\/\/forum1.mp3-coach.com\/","title":{"rendered":"Accueil"},"content":{"rendered":"\n<div class=\"wp-block-group alignfull has-accent-2-background-color has-background has-global-padding is-layout-constrained wp-container-core-group-is-layout-669513ed wp-block-group-is-layout-constrained\" style=\"margin-top:0;margin-bottom:0;padding-top:var(--wp--preset--spacing--50);padding-right:var(--wp--preset--spacing--50);padding-bottom:var(--wp--preset--spacing--50);padding-left:var(--wp--preset--spacing--50)\">\n<div class=\"wp-block-columns alignwide is-layout-flex wp-container-core-columns-is-layout-28f84493 wp-block-columns-is-layout-flex\">\n<div class=\"wp-block-column is-layout-flow wp-block-column-is-layout-flow\" style=\"flex-basis:40%\">\n<p class=\"wp-container-content-0733e5d0\">Galerie d\u2019art \u2014 Aper\u00e7u<\/p>\n<\/div>\n\n\n\n<div class=\"wp-block-column is-layout-flow wp-block-column-is-layout-flow\" style=\"flex-basis:60%\">\n<p class=\"has-heading-font-family has-x-large-font-size\" style=\"line-height:1.2\">Ce projet de transformation vise \u00e0 am\u00e9liorer l\u2019infrastructure, l\u2019accessibilit\u00e9 et les espaces d\u2019exposition de la galerie tout en pr\u00e9servant son riche patrimoine culturel.<\/p>\n<\/div>\n<\/div>\n\n\n\n<div style=\"height:var(--wp--preset--spacing--40)\" aria-hidden=\"true\" class=\"wp-block-spacer\"><\/div>\n\n\n\n<figure class=\"wp-block-image alignwide size-large is-style-rounded is-style-rounded--1\"><img decoding=\"async\" src=\"https:\/\/forum1.mp3-coach.com\/wp-content\/themes\/twentytwentyfour\/assets\/images\/hotel-facade.webp\" alt=\"Hyatt Regency San Francisco, San Francisco, \u00c9tats-Unis d\u2019Am\u00e9rique\"\/><\/figure>\n<\/div>\n\n\n\n<div class=\"wp-block-group alignfull has-base-background-color has-background has-global-padding is-layout-constrained wp-container-core-group-is-layout-d89aad35 wp-block-group-is-layout-constrained\" style=\"margin-top:0;margin-bottom:0;padding-top:var(--wp--preset--spacing--50);padding-right:var(--wp--preset--spacing--50);padding-bottom:var(--wp--preset--spacing--50);padding-left:var(--wp--preset--spacing--50)\">\n<div class=\"wp-block-columns alignwide is-layout-flex wp-container-core-columns-is-layout-549b0c86 wp-block-columns-is-layout-flex\">\n<div class=\"wp-block-column has-global-padding is-content-justification-left is-layout-constrained wp-container-core-column-is-layout-4f15e8fe wp-block-column-is-layout-constrained\" style=\"flex-basis:40%\">\n<p>La galerie d\u2018art revitalis\u00e9e est appel\u00e9e \u00e0 red\u00e9finir le paysage culturel.<\/p>\n<\/div>\n\n\n\n<div class=\"wp-block-column is-layout-flow wp-container-core-column-is-layout-119bc444 wp-block-column-is-layout-flow\" style=\"flex-basis:60%\">\n<p class=\"has-heading-font-family has-x-large-font-size\" style=\"line-height:1.2\">Avec une attention m\u00e9ticuleuse aux d\u00e9tails et un engagement envers l\u2019excellence, nous cr\u00e9ons des espaces qui inspirent, \u00e9l\u00e8vent et enrichissent la vie de ceux qui les habitent.<\/p>\n\n\n\n<div class=\"wp-block-columns is-layout-flex wp-container-core-columns-is-layout-87beb0d0 wp-block-columns-is-layout-flex\">\n<div class=\"wp-block-column is-layout-flow wp-block-column-is-layout-flow\">\n<p class=\"wp-container-content-9cfa9a5a\">La Galerie d\u2019Art revitalis\u00e9e est sur le point de d\u00e9finir le paysage culturel de Toronto, servant de lien entre l\u2019expression artistique, l\u2019engagement communautaire et la merveille architecturale. Le projet d\u2019agrandissement et de r\u00e9novation rend hommage \u00e0 la riche histoire de la Galerie d\u2019Art tout en s\u2019ouvrant sur l\u2019avenir, garantissant que la galerie reste une source d\u2019inspiration.<\/p>\n<\/div>\n\n\n\n<div class=\"wp-block-column is-layout-flow wp-block-column-is-layout-flow\">\n<p>La Galerie d\u2019Art revitalis\u00e9e est sur le point de d\u00e9finir le paysage culturel de Toronto, servant de lien entre l\u2019expression artistique, l\u2019engagement communautaire et la merveille architecturale. Le projet d\u2019agrandissement et de r\u00e9novation rend hommage \u00e0 la riche histoire de la Galerie d\u2019Art tout en s\u2019ouvrant sur l\u2019avenir, garantissant que la galerie reste une source d\u2019inspiration.<\/p>\n<\/div>\n<\/div>\n<\/div>\n<\/div>\n<\/div>\n\n\n\n<div class=\"wp-block-cover alignfull is-light has-parallax\" style=\"padding-top:var(--wp--preset--spacing--50);padding-right:var(--wp--preset--spacing--50);padding-bottom:var(--wp--preset--spacing--50);padding-left:var(--wp--preset--spacing--50);min-height:100vh;aspect-ratio:unset;\"><span aria-hidden=\"true\" class=\"wp-block-cover__background has-base-background-color has-background-dim-0 has-background-dim\"><\/span><div class=\"wp-block-cover__image-background has-parallax\" style=\"background-position:50% 50%;background-image:url(https:\/\/forum1.mp3-coach.com\/wp-content\/themes\/twentytwentyfour\/assets\/images\/art-gallery.webp)\"><\/div><div class=\"wp-block-cover__inner-container has-global-padding is-layout-constrained wp-container-core-cover-is-layout-e4fd886c wp-block-cover-is-layout-constrained\">\n<div style=\"height:500px\" aria-hidden=\"true\" class=\"wp-block-spacer\"><\/div>\n<\/div><\/div>\n\n\n\n<div class=\"wp-block-group alignfull has-base-2-background-color has-background has-global-padding is-layout-constrained wp-container-core-group-is-layout-7cd14b77 wp-block-group-is-layout-constrained\" style=\"margin-top:0;margin-bottom:0;padding-top:var(--wp--preset--spacing--60);padding-right:var(--wp--preset--spacing--60);padding-bottom:var(--wp--preset--spacing--60);padding-left:var(--wp--preset--spacing--60)\">\n<div class=\"wp-block-group alignwide is-layout-flow wp-block-group-is-layout-flow\">\n<div style=\"height:var(--wp--preset--spacing--50)\" aria-hidden=\"true\" class=\"wp-block-spacer\"><\/div>\n\n\n\n<p class=\"has-text-align-center has-heading-font-family has-x-large-font-size\" style=\"font-style:normal;font-weight:400;line-height:1.2\"><em>\u00c9tudes<\/em> ne se limite pas au pass\u00e9 &#8211; nous sommes passionn\u00e9s par les conceptions d\u2019avant-garde qui fa\u00e7onnent le monde d\u2019aujourd\u2019hui.<\/p>\n\n\n\n<div style=\"height:var(--wp--preset--spacing--50)\" aria-hidden=\"true\" class=\"wp-block-spacer\"><\/div>\n<\/div>\n<\/div>\n\n\n\n<div class=\"wp-block-group alignfull has-base-2-color has-contrast-background-color has-text-color has-background has-link-color wp-elements-08e362f472acf3ff6ec4b0ade4ef5fd2 has-global-padding is-layout-constrained wp-container-core-group-is-layout-facafb6f wp-block-group-is-layout-constrained\" style=\"margin-top:0;margin-bottom:0;padding-top:var(--wp--preset--spacing--50);padding-right:var(--wp--preset--spacing--50);padding-bottom:var(--wp--preset--spacing--50);padding-left:var(--wp--preset--spacing--50)\">\n<div class=\"wp-block-columns alignwide is-layout-flex wp-container-core-columns-is-layout-d1c656ed wp-block-columns-is-layout-flex\">\n<div class=\"wp-block-column is-vertically-aligned-stretch is-layout-flow wp-block-column-is-layout-flow\" style=\"padding-right:0;flex-basis:60%\">\n<div class=\"wp-block-group is-vertical is-content-justification-stretch is-layout-flex wp-container-core-group-is-layout-ae24f51d wp-block-group-is-layout-flex\" style=\"min-height:100%\">\n<figure class=\"wp-block-image size-large is-style-rounded is-style-rounded--2\"><img decoding=\"async\" src=\"https:\/\/forum1.mp3-coach.com\/wp-content\/themes\/twentytwentyfour\/assets\/images\/angular-roof.webp\" alt=\"Un escalier vide sous un toit angulaire \u00e0 Darling Harbour, Sydney, Australie.\" style=\"aspect-ratio:9\/16;object-fit:cover\"\/><\/figure>\n\n\n\n<p class=\"has-medium-font-size\">1. \u00c0 travers \u00c9tudes, nous aspirons \u00e0 red\u00e9finir les limites architecturales et \u00e0 inaugurer une nouvelle \u00e8re d\u2019excellence en mati\u00e8re de design qui laissera une empreinte ind\u00e9l\u00e9bile sur le milieu de la construction.<\/p>\n<\/div>\n<\/div>\n\n\n\n<div class=\"wp-block-column is-layout-flow wp-block-column-is-layout-flow\" style=\"flex-basis:40%\">\n<div class=\"wp-block-group has-global-padding is-layout-constrained wp-block-group-is-layout-constrained\">\n<p class=\"has-large-font-size\" style=\"font-style:normal;font-weight:500;line-height:1.2\">Notre gamme compl\u00e8te de services professionnels s\u2019adresse \u00e0 une client\u00e8le diversifi\u00e9e, allant des propri\u00e9taires aux d\u00e9veloppeurs commerciaux. Avec un engagement envers l\u2019innovation et la durabilit\u00e9, \u00c9tudes est le pont qui transforme les r\u00eaves architecturaux en r\u00e9alisations remarquables.<\/p>\n\n\n\n<div style=\"height:var(--wp--preset--spacing--40)\" aria-hidden=\"true\" class=\"wp-block-spacer\"><\/div>\n\n\n\n<div class=\"wp-block-group is-layout-flow wp-block-group-is-layout-flow\">\n<p class=\"has-medium-font-size\">2. Des \u00e9tudes de cas qui c\u00e9l\u00e8brent l\u2019art peuvent alimenter la curiosit\u00e9 et susciter l\u2019inspiration.<\/p>\n\n\n\n<figure class=\"wp-block-image size-large is-style-rounded is-style-rounded--3\"><img decoding=\"async\" src=\"https:\/\/forum1.mp3-coach.com\/wp-content\/themes\/twentytwentyfour\/assets\/images\/art-gallery.webp\" alt=\"Galerie d\u2019Art de l\u2019Ontario, Toronto, Canada\" style=\"aspect-ratio:9\/16;object-fit:cover\"\/><\/figure>\n<\/div>\n<\/div>\n<\/div>\n<\/div>\n<\/div>\n","protected":false},"excerpt":{"rendered":"<p>Galerie d\u2019art \u2014 Aper\u00e7u Ce projet de transformation vise \u00e0 am\u00e9liorer l\u2019infrastructure, l\u2019accessibilit\u00e9 et les espaces d\u2019exposition de la galerie tout en pr\u00e9servant son riche patrimoine culturel. La galerie d\u2018art revitalis\u00e9e est appel\u00e9e \u00e0 red\u00e9finir le paysage culturel. Avec une attention m\u00e9ticuleuse aux d\u00e9tails et un engagement envers l\u2019excellence, nous cr\u00e9ons des espaces qui inspirent, [&hellip;]<\/p>\n","protected":false},"author":1,"featured_media":0,"parent":0,"menu_order":0,"comment_status":"closed","ping_status":"closed","template":"","meta":{"footnotes":""},"class_list":["post-6","page","type-page","status-publish","hentry"],"_links":{"self":[{"href":"https:\/\/forum1.mp3-coach.com\/index.php?rest_route=\/wp\/v2\/pages\/6","targetHints":{"allow":["GET"]}}],"collection":[{"href":"https:\/\/forum1.mp3-coach.com\/index.php?rest_route=\/wp\/v2\/pages"}],"about":[{"href":"https:\/\/forum1.mp3-coach.com\/index.php?rest_route=\/wp\/v2\/types\/page"}],"author":[{"embeddable":true,"href":"https:\/\/forum1.mp3-coach.com\/index.php?rest_route=\/wp\/v2\/users\/1"}],"replies":[{"embeddable":true,"href":"https:\/\/forum1.mp3-coach.com\/index.php?rest_route=%2Fwp%2Fv2%2Fcomments&post=6"}],"version-history":[{"count":1,"href":"https:\/\/forum1.mp3-coach.com\/index.php?rest_route=\/wp\/v2\/pages\/6\/revisions"}],"predecessor-version":[{"id":8,"href":"https:\/\/forum1.mp3-coach.com\/index.php?rest_route=\/wp\/v2\/pages\/6\/revisions\/8"}],"wp:attachment":[{"href":"https:\/\/forum1.mp3-coach.com\/index.php?rest_route=%2Fwp%2Fv2%2Fmedia&parent=6"}],"curies":[{"name":"wp","href":"https:\/\/api.w.org\/{rel}","templated":true}]}}